{"id":45845,"date":"2025-07-29T15:34:04","date_gmt":"2025-07-29T12:34:04","guid":{"rendered":"https:\/\/www.cbh-cyprus.com\/christmas-in-november\/"},"modified":"2025-07-29T15:34:23","modified_gmt":"2025-07-29T12:34:23","slug":"christmas-in-november","status":"publish","type":"page","link":"https:\/\/www.cbh-cyprus.com\/pl\/hotels-entertainment-events\/christmas-in-november\/","title":{"rendered":"Bo\u017ce Narodzenie w listopadzie"},"content":{"rendered":"<p>Prze\u017cyj magi\u0119 \u015bwi\u0105t Bo\u017cego Narodzenia w listopadzie w Constantinou Bros Hotels.<\/p>\n<p>Gdy zbli\u017ca si\u0119 okres \u015bwi\u0105teczny, nie ma lepszego sposobu na rozpocz\u0119cie \u015bwi\u0119towania ni\u017c w <a href=\"http:\/\/www.athena-cbh.com\" target=\"_blank\" rel=\"noopener\">Athena Beach Hotel<\/a>, <a href=\"http:\/\/www.athenaroyal-cbh.com\" target=\"_blank\" rel=\"noopener\">Athena Royal Beach Hotel<\/a> i <a href=\"http:\/\/www.pioneer-cbh.com\" target=\"_blank\" rel=\"noopener\">Pioneer Beach Hotel<\/a>, gdzie czeka na Pa\u0144stwa nasze popisowe wydarzenie, Christmas in November! Zapraszamy Pa\u0144stwa na niezapomniany wiecz\u00f3r pe\u0142en rado\u015bci, pysznych smako\u0142yk\u00f3w i magii. <\/p>\n<p>Atmosfera w naszych hotelach zmienia si\u0119 w zimow\u0105 krain\u0119 czar\u00f3w, w kt\u00f3rej duch Bo\u017cego Narodzenia o\u017cywa wraz z pocieszaj\u0105cym aromatem \u015bwie\u017co upieczonych ciasteczek, gor\u0105cej czekolady i grzanego wina. Nasz zesp\u00f3\u0142 ds. imprez hotelowych skrupulatnie zaplanowa\u0142 czaruj\u0105cy wiecz\u00f3r. Muzyka na \u017cywo nada ton wieczorowi, wzmacniaj\u0105c \u015bwi\u0105teczn\u0105 atmosfer\u0119, gdy utalentowani muzycy b\u0119d\u0105 Pa\u0144stwu \u015bpiewa\u0107. A czym\u017ce jest \u015bwi\u0119towanie Bo\u017cego Narodzenia bez specjalnej wizyty \u015awi\u0119tego Miko\u0142aja i jego weso\u0142ych elf\u00f3w? Miko\u0142aj wkracza na scen\u0119, przynosz\u0105c \u015bmiech, rado\u015b\u0107 i prezenty dla wszystkich.    <\/p>\n<p>Wydarzenie to ma na celu zgromadzenie rodzin i przyjaci\u00f3\u0142, dzi\u0119ki czemu jest idealnym pocz\u0105tkiem sezonu \u015bwi\u0105tecznego. W komfortowym i przyjaznym otoczeniu go\u015bcie mog\u0105 \u0142\u0105czy\u0107 si\u0119 ze sob\u0105, dzieli\u0107 \u015bwi\u0105teczn\u0105 rado\u015bci\u0105 i tworzy\u0107 niezapomniane wspomnienia. <\/p>\n<p><a href=\"https:\/\/www.cbh-cyprus.com\/app\/uploads\/sites\/30\/2025\/06\/002-scaled.jpg\" target=\"_blank\" rel=\"noopener\"><img loading=\"lazy\" decoding=\"async\" class=\"alignnone wp-image-45174 size-thumbnail\" src=\"https:\/\/www.cbh-cyprus.com\/app\/uploads\/sites\/30\/2025\/06\/002-300x300.jpg\" alt=\"\" width=\"300\" height=\"300\"><\/a> <a href=\"https:\/\/www.cbh-cyprus.com\/app\/uploads\/sites\/30\/2025\/06\/141-scaled.jpg\" target=\"_blank\" rel=\"noopener\"><img loading=\"lazy\" decoding=\"async\" class=\"alignnone wp-image-45249 size-thumbnail\" src=\"https:\/\/www.cbh-cyprus.com\/app\/uploads\/sites\/30\/2025\/06\/141-300x300.jpg\" alt=\"\" width=\"300\" height=\"300\"><\/a> <a href=\"https:\/\/www.cbh-cyprus.com\/app\/uploads\/sites\/30\/2025\/06\/104-1-scaled.jpg\" target=\"_blank\" rel=\"noopener\"><img loading=\"lazy\" decoding=\"async\" class=\"alignnone wp-image-45216 size-thumbnail\" src=\"https:\/\/www.cbh-cyprus.com\/app\/uploads\/sites\/30\/2025\/06\/104-1-300x300.jpg\" alt=\"\" width=\"300\" height=\"300\"><\/a><\/p>\n<p><a href=\"https:\/\/www.cbh-cyprus.com\/app\/uploads\/sites\/30\/2025\/06\/042-scaled.jpg\" target=\"_blank\" rel=\"noopener\"><img loading=\"lazy\" decoding=\"async\" class=\"alignnone wp-image-45198 size-thumbnail\" src=\"https:\/\/www.cbh-cyprus.com\/app\/uploads\/sites\/30\/2025\/06\/042-300x300.jpg\" alt=\"\" width=\"300\" height=\"300\"><\/a> <a href=\"https:\/\/www.cbh-cyprus.com\/app\/uploads\/sites\/30\/2025\/06\/028-scaled.jpg\" target=\"_blank\" rel=\"noopener\"><img loading=\"lazy\" decoding=\"async\" class=\"alignnone wp-image-45192 size-thumbnail\" src=\"https:\/\/www.cbh-cyprus.com\/app\/uploads\/sites\/30\/2025\/06\/028-300x300.jpg\" alt=\"\" width=\"300\" height=\"300\"><\/a> <a href=\"https:\/\/www.cbh-cyprus.com\/app\/uploads\/sites\/30\/2025\/06\/025-scaled.jpg\" target=\"_blank\" rel=\"noopener\"><img loading=\"lazy\" decoding=\"async\" class=\"alignnone wp-image-45186 size-thumbnail\" src=\"https:\/\/www.cbh-cyprus.com\/app\/uploads\/sites\/30\/2025\/06\/025-300x300.jpg\" alt=\"\" width=\"300\" height=\"300\"><\/a><\/p>\n<p><a href=\"https:\/\/www.cbh-cyprus.com\/app\/uploads\/sites\/30\/2025\/06\/083-scaled.jpg\" target=\"_blank\" rel=\"noopener\"><img loading=\"lazy\" decoding=\"async\" class=\"alignnone wp-image-45210 size-thumbnail\" src=\"https:\/\/www.cbh-cyprus.com\/app\/uploads\/sites\/30\/2025\/06\/083-300x300.jpg\" alt=\"\" width=\"300\" height=\"300\"><\/a> <a href=\"https:\/\/www.cbh-cyprus.com\/app\/uploads\/sites\/30\/2025\/06\/110-scaled.jpg\" target=\"_blank\" rel=\"noopener\"><img loading=\"lazy\" decoding=\"async\" class=\"alignnone wp-image-45222 size-thumbnail\" src=\"https:\/\/www.cbh-cyprus.com\/app\/uploads\/sites\/30\/2025\/06\/110-300x300.jpg\" alt=\"\" width=\"300\" height=\"300\"><\/a> <a href=\"https:\/\/www.cbh-cyprus.com\/app\/uploads\/sites\/30\/2025\/06\/008-scaled.jpg\" target=\"_blank\" rel=\"noopener\"><img loading=\"lazy\" decoding=\"async\" class=\"alignnone wp-image-45180 size-thumbnail\" src=\"https:\/\/www.cbh-cyprus.com\/app\/uploads\/sites\/30\/2025\/06\/008-300x300.jpg\" alt=\"\" width=\"300\" height=\"300\"><\/a><\/p>\n","protected":false},"excerpt":{"rendered":"<p>Prze\u017cyj magi\u0119 \u015bwi\u0105t Bo\u017cego Narodzenia w listopadzie w Constantinou Bros Hotels. Gdy zbli\u017ca si\u0119 okres \u015bwi\u0105teczny, nie ma lepszego sposobu na rozpocz\u0119cie \u015bwi\u0119towania ni\u017c w Athena Beach Hotel, Athena Royal Beach Hotel i Pioneer Beach Hotel, gdzie czeka na Pa\u0144stwa nasze popisowe wydarzenie, Christmas in November! Zapraszamy Pa\u0144stwa na niezapomniany wiecz\u00f3r pe\u0142en rado\u015bci, pysznych smako\u0142yk\u00f3w<\/p>\n","protected":false},"author":758,"featured_media":45242,"parent":45853,"menu_order":0,"comment_status":"closed","ping_status":"closed","template":"","meta":{"_acf_changed":false,"footnotes":""},"class_list":["post-45845","page","type-page","status-publish","has-post-thumbnail","hentry"],"acf":[],"yoast_head":"<!-- This site is optimized with the Yoast SEO plugin v27.4 - https:\/\/yoast.com\/product\/yoast-seo-wordpress\/ -->\n<title>Bo\u017ce Narodzenie w listopadzie - Constantinou Bros Hotels<\/title>\n<meta name=\"robots\" content=\"noindex, nofollow\" \/>\n<meta property=\"og:locale\" content=\"pl_PL\" \/>\n<meta property=\"og:type\" content=\"article\" \/>\n<meta property=\"og:title\" content=\"Bo\u017ce Narodzenie w listopadzie - Constantinou Bros Hotels\" \/>\n<meta property=\"og:description\" content=\"Prze\u017cyj magi\u0119 \u015bwi\u0105t Bo\u017cego Narodzenia w listopadzie w Constantinou Bros Hotels. Gdy zbli\u017ca si\u0119 okres \u015bwi\u0105teczny, nie ma lepszego sposobu na rozpocz\u0119cie \u015bwi\u0119towania ni\u017c w Athena Beach Hotel, Athena Royal Beach Hotel i Pioneer Beach Hotel, gdzie czeka na Pa\u0144stwa nasze popisowe wydarzenie, Christmas in November! Zapraszamy Pa\u0144stwa na niezapomniany wiecz\u00f3r pe\u0142en rado\u015bci, pysznych smako\u0142yk\u00f3w\" \/>\n<meta property=\"og:url\" content=\"https:\/\/www.cbh-cyprus.com\/pl\/hotels-entertainment-events\/christmas-in-november\/\" \/>\n<meta property=\"og:site_name\" content=\"Constantinou Bros Hotels\" \/>\n<meta property=\"article:modified_time\" content=\"2025-07-29T12:34:23+00:00\" \/>\n<meta property=\"og:image\" content=\"https:\/\/www.cbh-cyprus.com\/app\/uploads\/sites\/30\/2025\/06\/115-scaled.jpg\" \/>\n\t<meta property=\"og:image:width\" content=\"2560\" \/>\n\t<meta property=\"og:image:height\" content=\"1707\" \/>\n\t<meta property=\"og:image:type\" content=\"image\/jpeg\" \/>\n<meta name=\"twitter:card\" content=\"summary_large_image\" \/>\n<meta name=\"twitter:label1\" content=\"Est. reading time\" \/>\n\t<meta name=\"twitter:data1\" content=\"1 minute\" \/>\n<script type=\"application\/ld+json\" class=\"yoast-schema-graph\">{\"@context\":\"https:\\\/\\\/schema.org\",\"@graph\":[{\"@type\":\"WebPage\",\"@id\":\"https:\\\/\\\/www.cbh-cyprus.com\\\/pl\\\/hotels-entertainment-events\\\/christmas-in-november\\\/\",\"url\":\"https:\\\/\\\/www.cbh-cyprus.com\\\/pl\\\/hotels-entertainment-events\\\/christmas-in-november\\\/\",\"name\":\"Bo\u017ce Narodzenie w listopadzie - Constantinou Bros Hotels\",\"isPartOf\":{\"@id\":\"https:\\\/\\\/www.cbh-cyprus.com\\\/pl\\\/#website\"},\"primaryImageOfPage\":{\"@id\":\"https:\\\/\\\/www.cbh-cyprus.com\\\/pl\\\/hotels-entertainment-events\\\/christmas-in-november\\\/#primaryimage\"},\"image\":{\"@id\":\"https:\\\/\\\/www.cbh-cyprus.com\\\/pl\\\/hotels-entertainment-events\\\/christmas-in-november\\\/#primaryimage\"},\"thumbnailUrl\":\"https:\\\/\\\/www.cbh-cyprus.com\\\/app\\\/uploads\\\/sites\\\/30\\\/2025\\\/06\\\/115-scaled.jpg\",\"datePublished\":\"2025-07-29T12:34:04+00:00\",\"dateModified\":\"2025-07-29T12:34:23+00:00\",\"breadcrumb\":{\"@id\":\"https:\\\/\\\/www.cbh-cyprus.com\\\/pl\\\/hotels-entertainment-events\\\/christmas-in-november\\\/#breadcrumb\"},\"inLanguage\":\"pl-PL\",\"potentialAction\":[{\"@type\":\"ReadAction\",\"target\":[\"https:\\\/\\\/www.cbh-cyprus.com\\\/pl\\\/hotels-entertainment-events\\\/christmas-in-november\\\/\"]}]},{\"@type\":\"ImageObject\",\"inLanguage\":\"pl-PL\",\"@id\":\"https:\\\/\\\/www.cbh-cyprus.com\\\/pl\\\/hotels-entertainment-events\\\/christmas-in-november\\\/#primaryimage\",\"url\":\"https:\\\/\\\/www.cbh-cyprus.com\\\/app\\\/uploads\\\/sites\\\/30\\\/2025\\\/06\\\/115-scaled.jpg\",\"contentUrl\":\"https:\\\/\\\/www.cbh-cyprus.com\\\/app\\\/uploads\\\/sites\\\/30\\\/2025\\\/06\\\/115-scaled.jpg\",\"width\":2560,\"height\":1707},{\"@type\":\"BreadcrumbList\",\"@id\":\"https:\\\/\\\/www.cbh-cyprus.com\\\/pl\\\/hotels-entertainment-events\\\/christmas-in-november\\\/#breadcrumb\",\"itemListElement\":[{\"@type\":\"ListItem\",\"position\":1,\"name\":\"Home\",\"item\":\"https:\\\/\\\/www.cbh-cyprus.com\\\/pl\\\/welcome-to-constantinou-bros-hotels\\\/\"},{\"@type\":\"ListItem\",\"position\":2,\"name\":\"Hotele Rozrywka i wydarzenia\",\"item\":\"https:\\\/\\\/www.cbh-cyprus.com\\\/pl\\\/hotels-entertainment-events\\\/\"},{\"@type\":\"ListItem\",\"position\":3,\"name\":\"Bo\u017ce Narodzenie w listopadzie\"}]},{\"@type\":\"WebSite\",\"@id\":\"https:\\\/\\\/www.cbh-cyprus.com\\\/pl\\\/#website\",\"url\":\"https:\\\/\\\/www.cbh-cyprus.com\\\/pl\\\/\",\"name\":\"Constantinou Bros Hotels\",\"description\":\"Constantinou Bros Hotels\",\"publisher\":{\"@id\":\"https:\\\/\\\/www.cbh-cyprus.com\\\/pl\\\/#organization\"},\"potentialAction\":[{\"@type\":\"SearchAction\",\"target\":{\"@type\":\"EntryPoint\",\"urlTemplate\":\"https:\\\/\\\/www.cbh-cyprus.com\\\/pl\\\/?s={search_term_string}\"},\"query-input\":{\"@type\":\"PropertyValueSpecification\",\"valueRequired\":true,\"valueName\":\"search_term_string\"}}],\"inLanguage\":\"pl-PL\"},{\"@type\":\"Organization\",\"@id\":\"https:\\\/\\\/www.cbh-cyprus.com\\\/pl\\\/#organization\",\"name\":\"Constantinou Bros Hotels\",\"url\":\"https:\\\/\\\/www.cbh-cyprus.com\\\/pl\\\/\",\"logo\":{\"@type\":\"ImageObject\",\"inLanguage\":\"pl-PL\",\"@id\":\"https:\\\/\\\/www.cbh-cyprus.com\\\/pl\\\/#\\\/schema\\\/logo\\\/image\\\/\",\"url\":\"https:\\\/\\\/www.cbh-cyprus.com\\\/app\\\/uploads\\\/sites\\\/30\\\/2020\\\/10\\\/cbh.jpg\",\"contentUrl\":\"https:\\\/\\\/www.cbh-cyprus.com\\\/app\\\/uploads\\\/sites\\\/30\\\/2020\\\/10\\\/cbh.jpg\",\"width\":1013,\"height\":419,\"caption\":\"Constantinou Bros Hotels\"},\"image\":{\"@id\":\"https:\\\/\\\/www.cbh-cyprus.com\\\/pl\\\/#\\\/schema\\\/logo\\\/image\\\/\"}}]}<\/script>\n<!-- \/ Yoast SEO plugin. -->","yoast_head_json":{"title":"Bo\u017ce Narodzenie w listopadzie - Constantinou Bros Hotels","robots":{"index":"noindex","follow":"nofollow"},"og_locale":"pl_PL","og_type":"article","og_title":"Bo\u017ce Narodzenie w listopadzie - Constantinou Bros Hotels","og_description":"Prze\u017cyj magi\u0119 \u015bwi\u0105t Bo\u017cego Narodzenia w listopadzie w Constantinou Bros Hotels. Gdy zbli\u017ca si\u0119 okres \u015bwi\u0105teczny, nie ma lepszego sposobu na rozpocz\u0119cie \u015bwi\u0119towania ni\u017c w Athena Beach Hotel, Athena Royal Beach Hotel i Pioneer Beach Hotel, gdzie czeka na Pa\u0144stwa nasze popisowe wydarzenie, Christmas in November! Zapraszamy Pa\u0144stwa na niezapomniany wiecz\u00f3r pe\u0142en rado\u015bci, pysznych smako\u0142yk\u00f3w","og_url":"https:\/\/www.cbh-cyprus.com\/pl\/hotels-entertainment-events\/christmas-in-november\/","og_site_name":"Constantinou Bros Hotels","article_modified_time":"2025-07-29T12:34:23+00:00","og_image":[{"width":2560,"height":1707,"url":"https:\/\/www.cbh-cyprus.com\/app\/uploads\/sites\/30\/2025\/06\/115-scaled.jpg","type":"image\/jpeg"}],"twitter_card":"summary_large_image","twitter_misc":{"Est. reading time":"1 minute"},"schema":{"@context":"https:\/\/schema.org","@graph":[{"@type":"WebPage","@id":"https:\/\/www.cbh-cyprus.com\/pl\/hotels-entertainment-events\/christmas-in-november\/","url":"https:\/\/www.cbh-cyprus.com\/pl\/hotels-entertainment-events\/christmas-in-november\/","name":"Bo\u017ce Narodzenie w listopadzie - Constantinou Bros Hotels","isPartOf":{"@id":"https:\/\/www.cbh-cyprus.com\/pl\/#website"},"primaryImageOfPage":{"@id":"https:\/\/www.cbh-cyprus.com\/pl\/hotels-entertainment-events\/christmas-in-november\/#primaryimage"},"image":{"@id":"https:\/\/www.cbh-cyprus.com\/pl\/hotels-entertainment-events\/christmas-in-november\/#primaryimage"},"thumbnailUrl":"https:\/\/www.cbh-cyprus.com\/app\/uploads\/sites\/30\/2025\/06\/115-scaled.jpg","datePublished":"2025-07-29T12:34:04+00:00","dateModified":"2025-07-29T12:34:23+00:00","breadcrumb":{"@id":"https:\/\/www.cbh-cyprus.com\/pl\/hotels-entertainment-events\/christmas-in-november\/#breadcrumb"},"inLanguage":"pl-PL","potentialAction":[{"@type":"ReadAction","target":["https:\/\/www.cbh-cyprus.com\/pl\/hotels-entertainment-events\/christmas-in-november\/"]}]},{"@type":"ImageObject","inLanguage":"pl-PL","@id":"https:\/\/www.cbh-cyprus.com\/pl\/hotels-entertainment-events\/christmas-in-november\/#primaryimage","url":"https:\/\/www.cbh-cyprus.com\/app\/uploads\/sites\/30\/2025\/06\/115-scaled.jpg","contentUrl":"https:\/\/www.cbh-cyprus.com\/app\/uploads\/sites\/30\/2025\/06\/115-scaled.jpg","width":2560,"height":1707},{"@type":"BreadcrumbList","@id":"https:\/\/www.cbh-cyprus.com\/pl\/hotels-entertainment-events\/christmas-in-november\/#breadcrumb","itemListElement":[{"@type":"ListItem","position":1,"name":"Home","item":"https:\/\/www.cbh-cyprus.com\/pl\/welcome-to-constantinou-bros-hotels\/"},{"@type":"ListItem","position":2,"name":"Hotele Rozrywka i wydarzenia","item":"https:\/\/www.cbh-cyprus.com\/pl\/hotels-entertainment-events\/"},{"@type":"ListItem","position":3,"name":"Bo\u017ce Narodzenie w listopadzie"}]},{"@type":"WebSite","@id":"https:\/\/www.cbh-cyprus.com\/pl\/#website","url":"https:\/\/www.cbh-cyprus.com\/pl\/","name":"Constantinou Bros Hotels","description":"Constantinou Bros Hotels","publisher":{"@id":"https:\/\/www.cbh-cyprus.com\/pl\/#organization"},"potentialAction":[{"@type":"SearchAction","target":{"@type":"EntryPoint","urlTemplate":"https:\/\/www.cbh-cyprus.com\/pl\/?s={search_term_string}"},"query-input":{"@type":"PropertyValueSpecification","valueRequired":true,"valueName":"search_term_string"}}],"inLanguage":"pl-PL"},{"@type":"Organization","@id":"https:\/\/www.cbh-cyprus.com\/pl\/#organization","name":"Constantinou Bros Hotels","url":"https:\/\/www.cbh-cyprus.com\/pl\/","logo":{"@type":"ImageObject","inLanguage":"pl-PL","@id":"https:\/\/www.cbh-cyprus.com\/pl\/#\/schema\/logo\/image\/","url":"https:\/\/www.cbh-cyprus.com\/app\/uploads\/sites\/30\/2020\/10\/cbh.jpg","contentUrl":"https:\/\/www.cbh-cyprus.com\/app\/uploads\/sites\/30\/2020\/10\/cbh.jpg","width":1013,"height":419,"caption":"Constantinou Bros Hotels"},"image":{"@id":"https:\/\/www.cbh-cyprus.com\/pl\/#\/schema\/logo\/image\/"}}]}},"_links":{"self":[{"href":"https:\/\/www.cbh-cyprus.com\/pl\/wp-json\/wp\/v2\/pages\/45845","targetHints":{"allow":["GET"]}}],"collection":[{"href":"https:\/\/www.cbh-cyprus.com\/pl\/wp-json\/wp\/v2\/pages"}],"about":[{"href":"https:\/\/www.cbh-cyprus.com\/pl\/wp-json\/wp\/v2\/types\/page"}],"author":[{"embeddable":true,"href":"https:\/\/www.cbh-cyprus.com\/pl\/wp-json\/wp\/v2\/users\/758"}],"replies":[{"embeddable":true,"href":"https:\/\/www.cbh-cyprus.com\/pl\/wp-json\/wp\/v2\/comments?post=45845"}],"version-history":[{"count":1,"href":"https:\/\/www.cbh-cyprus.com\/pl\/wp-json\/wp\/v2\/pages\/45845\/revisions"}],"predecessor-version":[{"id":45854,"href":"https:\/\/www.cbh-cyprus.com\/pl\/wp-json\/wp\/v2\/pages\/45845\/revisions\/45854"}],"up":[{"embeddable":true,"href":"https:\/\/www.cbh-cyprus.com\/pl\/wp-json\/wp\/v2\/pages\/45853"}],"wp:featuredmedia":[{"embeddable":true,"href":"https:\/\/www.cbh-cyprus.com\/pl\/wp-json\/wp\/v2\/media\/45242"}],"wp:attachment":[{"href":"https:\/\/www.cbh-cyprus.com\/pl\/wp-json\/wp\/v2\/media?parent=45845"}],"curies":[{"name":"wp","href":"https:\/\/api.w.org\/{rel}","templated":true}]}}